{"id":53,"date":"2018-05-29T21:34:44","date_gmt":"2018-05-29T19:34:44","guid":{"rendered":"http:\/\/b232.at\/?page_id=53"},"modified":"2022-05-28T10:53:39","modified_gmt":"2022-05-28T08:53:39","slug":"datenschutz","status":"publish","type":"page","link":"https:\/\/b232.at\/wordpress\/datenschutz\/","title":{"rendered":"Datenschutz \/ Impressum"},"content":{"rendered":"<h1 class=\"western\">Datenschutzerkl\u00e4rung<\/h1>\n<p>Als B\u00fcrgerinitiative und Verfechter f\u00fcr direkte digitale Demokratie ist der Schutz von pers\u00f6nlichen Daten ein wichtiges Anliegen f\u00fcr uns. Welche Daten wir erfassen und wie wir damit sicher umgehen, wollen wir Ihnen offen und nachvollziehbar erkl\u00e4ren. Als B\u00fcrgerinitiative in \u00d6sterreich unterliegen wir dem \u00f6sterreichischen Datenschutzgesetz, Telekommunikationsgesetz und nat\u00fcrlich der EU Datenschutzgrundverordnung.<\/p>\n<h4 class=\"western\">Server in der EU<\/h4>\n<p>Ihre Daten werden auf Servern in der Europ\u00e4ischen Union gespeichert. Die Daten\u00fcbertragung zu unseren Servern wird durchgehend mit SSL sicher verschl\u00fcsselt.<\/p>\n<h4 class=\"western\">Welche personenbezogenen Daten erfassen wir? Wie erfassen wir die Daten?<\/h4>\n<ul>\n<li>Anrede<\/li>\n<li>Name<\/li>\n<li>Anschrift<\/li>\n<li>Telefonnummer (sofern angegeben)<\/li>\n<li>E-Mail-Adresse<\/li>\n<li>Vertreter einer Organisation (sofern angegeben)<\/li>\n<li>IP-Adresse<\/li>\n<li>Geburtsdatum (sofern angegeben)<\/li>\n<\/ul>\n<h4 class=\"western\">Wie verwenden wir ihre Daten?<\/h4>\n<ul>\n<li>Wir verwenden Ihre Daten grunds\u00e4tzlich im Sinne und zur Erreichung des Zwecks der B\u00fcrgerinitiative \u201eNein zur B232\u201c.<\/li>\n<li>Wir verwenden Ihre Daten zur Analyse f\u00fcr das Sammeln von Unterst\u00fctzungserkl\u00e4rungen.<\/li>\n<li>Wir stellen \u00f6ffentliche Unterschriften (sofern Sie dem zugestimmt haben) mit Name und Ort dar.<\/li>\n<li>Wir senden Ihnen Newsletter \u00fcber die Arbeit der B\u00fcrgerinitiative zu (sofern Sie dem zugestimmt haben).<\/li>\n<li>Wir \u00fcbermitteln Unterschriftenlisten mit allen (best\u00e4tigten) Unterschriften an den Petitionsausschuss der Stadt Wien sowie an politische Funktionstr\u00e4ger der Stadt Wien.<\/li>\n<\/ul>\n<h1>Cookies<\/h1>\n<p>Unsere Webseite verwendet Cookies von folgenden Plugins:<\/p>\n<ul>\n<li>Matomo (zur Besucherz\u00e4hlung und -analyse). Wir haben uns bewusst f\u00fcr <a href=\"https:\/\/matomo.org\/\">Matomo<\/a> als sichere Alternative zu Google Analytics entschieden. Alle Besucherdaten bleiben auf unserem Server in der EU gespeichert.<\/li>\n<\/ul>\n<p><code><a class=\"surbma-gpga-cookie-popup-link \" onclick=\"surbma_gpga_openModal();\">Die Zustimmung \/ Ablehnung von Cookies kann hier nochmals ge\u00e4ndert werden.<\/a><\/code><code><\/code><\/p>\n<h1>Impressum<\/h1>\n<p>Medieninhaber:<\/p>\n<p>B\u00fcrgerinitiative Nein zur B232<br \/>\nDraugasse 5\/90<br \/>\n1210 Wien<br \/>\n<a href=\"mailto:info@b232.at\">info@b232.at<\/a><br \/>\n<a href=\"https:\/\/b232.at\/wordpress\/\">www.b232.at<\/a><\/p>\n","protected":false},"excerpt":{"rendered":"<p>Datenschutzerkl\u00e4rung Als B\u00fcrgerinitiative und Verfechter f\u00fcr direkte digitale Demokratie ist der Schutz von pers\u00f6nlichen Daten ein wichtiges Anliegen f\u00fcr uns.<\/p>\n","protected":false},"author":1,"featured_media":0,"parent":0,"menu_order":0,"comment_status":"closed","ping_status":"closed","template":"","meta":{"_seopress_robots_primary_cat":"","_seopress_titles_title":"","_seopress_titles_desc":"","_seopress_robots_index":"","footnotes":""},"class_list":["post-53","page","type-page","status-publish","hentry"],"_links":{"self":[{"href":"https:\/\/b232.at\/wordpress\/wp-json\/wp\/v2\/pages\/53","targetHints":{"allow":["GET"]}}],"collection":[{"href":"https:\/\/b232.at\/wordpress\/wp-json\/wp\/v2\/pages"}],"about":[{"href":"https:\/\/b232.at\/wordpress\/wp-json\/wp\/v2\/types\/page"}],"author":[{"embeddable":true,"href":"https:\/\/b232.at\/wordpress\/wp-json\/wp\/v2\/users\/1"}],"replies":[{"embeddable":true,"href":"https:\/\/b232.at\/wordpress\/wp-json\/wp\/v2\/comments?post=53"}],"version-history":[{"count":3,"href":"https:\/\/b232.at\/wordpress\/wp-json\/wp\/v2\/pages\/53\/revisions"}],"predecessor-version":[{"id":1371,"href":"https:\/\/b232.at\/wordpress\/wp-json\/wp\/v2\/pages\/53\/revisions\/1371"}],"wp:attachment":[{"href":"https:\/\/b232.at\/wordpress\/wp-json\/wp\/v2\/media?parent=53"}],"curies":[{"name":"wp","href":"https:\/\/api.w.org\/{rel}","templated":true}]}}